{"id":84,"date":"2017-07-25T09:37:33","date_gmt":"2017-07-25T09:37:33","guid":{"rendered":"http:\/\/taielshorst.de\/?page_id=84"},"modified":"2023-03-02T20:19:26","modified_gmt":"2023-03-02T20:19:26","slug":"impressum","status":"publish","type":"page","link":"https:\/\/taielshorst.de\/?page_id=84","title":{"rendered":"IMPRESSUM"},"content":{"rendered":"<div id=\"cc-m-12339738826\" class=\"j-module n j-header \">\n<h6 id=\"cc-m-header-12339738826\"><\/h6>\n<\/div>\n<h6 id=\"cc-m-12367748426\" class=\"j-module n j-header \"><\/h6>\n<h3 id=\"cc-m-header-12367748426\" class=\"\">Angaben gem\u00e4\u00df \u00a7 5 TMG<\/h3>\n<p>Tai Elshorst-Delofski<\/p>\n<p>K\u00fcnstlerin | Kunsttherapeutin M. A.<\/p>\n<p>Heilpraktikerin f\u00fcr Psychotherapie nach dem Heilpraktikergesetz<\/p>\n<p><span style=\"font-size: 1rem; color: revert;\">Naunynstr. 72 | 10997 Berlin<\/span><\/p>\n<h6 id=\"cc-m-12367748726\" class=\"j-module n j-header \"><\/h6>\n<h3 id=\"cc-m-header-12367748726\" class=\"\">Kontakt<\/h3>\n<p>Mobil: +49 179 479 28 21\u00a0 | Mail: tai@elshorst.de<\/p>\n<h6 id=\"cc-m-12367762826\" class=\"j-module n j-header \"><\/h6>\n<h3 id=\"cc-m-header-12367762826\" class=\"\">Haftung f\u00fcr Inhalte<\/h3>\n<p>Als Betreiberin der Seite bin ich gem\u00e4\u00df \u00a7 7 Abs.1 TMG f\u00fcr eigene Inhalte auf diesen Seiten nach den allgemeinen Gesetzen verantwortlich. Nach \u00a7\u00a7 8 bis 10 TMG bin ich jedoch nicht verpflichtet, \u00fcbermittelte oder gespeicherte fremde Informationen zu \u00fcberwachen oder nach Umst\u00e4nden zu forschen, die auf eine rechtswidrige T\u00e4tigkeit hinweisen. Verpflichtungen zur Entfernung oder Sperrung der Nutzung von Informationen nach den allgemeinen Gesetzen bleiben hiervon unber\u00fchrt. Eine diesbez\u00fcgliche Haftung ist jedoch erst ab dem Zeitpunkt der Kenntnis einer konkreten Rechtsverletzung m\u00f6glich. Bei Bekanntwerden von entsprechenden Rechtsverletzungen werde ich diese Inhalte umgehend entfernen.<\/p>\n<h6 id=\"cc-m-12367763426\" class=\"j-module n j-header \"><\/h6>\n<h3 id=\"cc-m-header-12367763426\" class=\"\">Haftung f\u00fcr Links<\/h3>\n<p>F\u00fcr die Inhalte verlinkter Seiten ist stets der\/die jeweilige Anbieter:in oder Betreiber:in der Seiten verantwortlich. Verlinkte Seiten wurden zum Zeitpunkt der Verlinkung auf m\u00f6gliche Rechtsverst\u00f6\u00dfe \u00fcberpr\u00fcft. Rechtswidrige Inhalte waren zum Zeitpunkt der Verlinkung nicht erkennbar.\u00a0\u00a0Eine permanente inhaltliche Kontrolle der verlinkten Seiten ist jedoch ohne konkrete Anhaltspunkte einer Rechtsverletzung nicht zumutbar. Deshalb kann ich f\u00fcr diese fremden Inhalte auch keine Gew\u00e4hr \u00fcbernehmen. Bei Bekanntwerden von Rechtsverletzungen werde ich derartige Links umgehend entfernen.<\/p>\n<h6 id=\"cc-m-12367763726\" class=\"j-module n j-header \"><\/h6>\n<h3 id=\"cc-m-header-12367763726\" class=\"\">Urheberrecht<\/h3>\n<p>Die durch Tai Elshorst erstellten Inhalte und Werke auf diesen Seiten unterliegen dem deutschen Urheberrecht. Die Vervielf\u00e4ltigung, Bearbeitung, Verarbeitung und jede Art der Verwertung au\u00dferhalb der Grenzen des Urheberrechtes bed\u00fcrfen der schriftlichen Zustimmung der jeweiligen Autor:innen bzw. Ersteller:innen. Downloads und Kopien dieser Seite sind nur f\u00fcr den privaten, nicht kommerziellen Gebrauch gestattet. Soweit die Inhalte auf dieser Seite nicht von der Betreiberin erstellt wurden, werden die Urheberrechte Dritter beachtet. Insbesondere werden Inhalte Dritter als solche gekennzeichnet. Sollten Sie trotzdem auf eine Urheberrechtsverletzung aufmerksam werden, bitte ich um einen entsprechenden Hinweis. Bei Bekanntwerden von Rechtsverletzungen werde ich derartige Inhalte umgehend entfernen.<\/p>\n<h6 id=\"cc-m-12367765326\" class=\"j-module n j-header \"><\/h6>\n<h3 id=\"cc-m-header-12367765326\" class=\"\">Webgestaltung<\/h3>\n<div id=\"cc-m-12367765426\" class=\"j-module n j-text \">\n<h6>Diese Website wurde von Tai Elshorst mit WordPress erstellt.<\/h6>\n<h6>Bildnachweise: Alle Rechte und Genehmigungen f\u00fcr Bilder und Texte dieser Website liegen bei Tai Elshorst.<\/h6>\n<\/div>\n","protected":false},"excerpt":{"rendered":"<p>Angaben gem\u00e4\u00df \u00a7 5 TMG Tai Elshorst-Delofski K\u00fcnstlerin | Kunsttherapeutin M. A. Heilpraktikerin f\u00fcr Psychotherapie nach dem Heilpraktikergesetz Naunynstr. 72 | 10997 Berlin Kontakt Mobil: +49 179 479 28 21\u00a0 | Mail: tai@elshorst.de Haftung f\u00fcr Inhalte Als Betreiberin der Seite bin ich gem\u00e4\u00df \u00a7 7 Abs.1 TMG f\u00fcr eigene Inhalte auf diesen Seiten nach den<\/p>\n<p class=\"more-link-wrapper\"><a href=\"https:\/\/taielshorst.de\/?page_id=84\" class=\"more-link\">Continue Reading<span class=\"screen-reader-text\"> &#8222;IMPRESSUM&#8220;<\/span><\/a><\/p>\n","protected":false},"author":1,"featured_media":0,"parent":0,"menu_order":0,"comment_status":"closed","ping_status":"closed","template":"","meta":[],"_links":{"self":[{"href":"https:\/\/taielshorst.de\/index.php?rest_route=\/wp\/v2\/pages\/84"}],"collection":[{"href":"https:\/\/taielshorst.de\/index.php?rest_route=\/wp\/v2\/pages"}],"about":[{"href":"https:\/\/taielshorst.de\/index.php?rest_route=\/wp\/v2\/types\/page"}],"author":[{"embeddable":true,"href":"https:\/\/taielshorst.de\/index.php?rest_route=\/wp\/v2\/users\/1"}],"replies":[{"embeddable":true,"href":"https:\/\/taielshorst.de\/index.php?rest_route=%2Fwp%2Fv2%2Fcomments&post=84"}],"version-history":[{"count":12,"href":"https:\/\/taielshorst.de\/index.php?rest_route=\/wp\/v2\/pages\/84\/revisions"}],"predecessor-version":[{"id":301,"href":"https:\/\/taielshorst.de\/index.php?rest_route=\/wp\/v2\/pages\/84\/revisions\/301"}],"wp:attachment":[{"href":"https:\/\/taielshorst.de\/index.php?rest_route=%2Fwp%2Fv2%2Fmedia&parent=84"}],"curies":[{"name":"wp","href":"https:\/\/api.w.org\/{rel}","templated":true}]}}